{"id":18356,"date":"2026-02-12T15:25:31","date_gmt":"2026-02-12T15:25:31","guid":{"rendered":"https:\/\/www.lhg.is\/siglingavidvaranir\/"},"modified":"2026-04-07T11:21:01","modified_gmt":"2026-04-07T11:21:01","slug":"navigational-warnings","status":"publish","type":"page","link":"https:\/\/www.lhg.is\/en\/jrcc-iceland\/navigational-warnings\/","title":{"rendered":"Navigational warnings"},"content":{"rendered":"<section class=\"bde-section-18356-100 bde-section\">\n  \n  \n\t\n\n\n\n<div class=\"section-container\"><div class=\"bde-columns-18356-101 bde-columns\"><div class=\"bde-column-18356-102 bde-column\">\n  \n  \n\t\n\n\n\n<h6 class=\"bde-heading-18356-103 bde-heading\">\nMaritime safety\n<\/h6><div class=\"bde-fancy-divider-18356-104 bde-fancy-divider\">\n\n\n<div class=\"bde-fancy-divider__wrapper\">\n  <div class=\"bde-fancy-divider__separator   \">\n  \t  <\/div>\n<\/div>\n\n<\/div><h3 class=\"bde-heading-18356-105 bde-heading\">\nNavigational Warnings\n<\/h3>\n<\/div><div class=\"bde-column-18356-106 bde-column\">\n  \n  \n\t\n\n\n\n\n<\/div><\/div><\/div>\n<\/section><section class=\"bde-section-18356-107 bde-section\">\n  \n  \n\t\n\n\n\n<div class=\"section-container\"><div class=\"bde-div-18356-115 bde-div\">\n  \n  \n\t\n\n\n\n<div class=\"bde-button-18356-114 bde-button\">\n        \n    \n    \n    \n    \n            \n                    \n            \n            \n\n    \n    \n    \n    \n    \n    <a class=\"breakdance-link button-atom button-atom--primary bde-button__button\" href=\"https:\/\/www.lhg.is\/siglingavidvaranir\/\" target=\"_self\" data-type=\"url\"  >\n\n    \n        <span class=\"button-atom__text\">Sko\u00f0a \u00e1 \u00edslensku<\/span>\n\n        \n        \n                <\/a>\n\n    \n\n\n<\/div>\n<\/div><div class=\"bde-advanced-tabs-18356-117 bde-advanced-tabs\">\n\n\n        \n  \n  \n  <div class=\"bde-tabs__tabslist-container bde-tabs__tabslist-container--scrollable is-horizontal js-tabs-container\">\n    <div class=\"bde-tabs__tabslist bde-tabs__tabslist--pills js-tablist\" role=\"tablist\" aria-label=\"Content tabs\" aria-orientation=\"horizontal\" data-tabs-id=\"bde-advanced-tabs-18356-117\">\n      \n              <button role=\"tab\" aria-selected=\"false\" class=\"bde-tabs__tab js-tab\" aria-controls=\"tab-panel-bde-advanced-tabs-18356-117-1\" id=\"tab-bde-advanced-tabs-18356-117-1\" data-value=\"1\">\n                    <span class=\"bde-tabs__tab-title\">Active<\/span>\n        <\/button>\n              <button role=\"tab\" aria-selected=\"false\" class=\"bde-tabs__tab js-tab\" aria-controls=\"tab-panel-bde-advanced-tabs-18356-117-2\" id=\"tab-bde-advanced-tabs-18356-117-2\" data-value=\"2\">\n                    <span class=\"bde-tabs__tab-title\">Inactive<\/span>\n        <\/button>\n          <\/div>\n  <\/div>\n\n<div class=\"bde-tabs-content-container\">\n  <div class=\"bde-advanced-tabs-content-18356-118 bde-advanced-tabs-content\"><div tabindex=\"0\" role=\"tabpanel\" class=\"bde-tabs__panel js-panel\" id=\"\" aria-labelledby=\"\">\r\n  <div class=\"bde-tabs__panel-content\">\r\n    <div class=\"bde-post-loop-18356-110 bde-post-loop\"><div class=\"bde-loop bde-loop-list ee-posts ee-posts-list\">    <article class=\"bde-loop-item ee-post\">\n        <div class=\"bde-div-17883-118-18883-17883-1 bde-div bde-div-17883-118\">\n  \n  \n\t\n\n\n\n\n<\/div>    <\/article>\n    <article class=\"bde-loop-item ee-post\">\n        <div class=\"bde-div-17883-118-18684-17883-1 bde-div bde-div-17883-118\">\n  \n  \n\t\n\n\n\n\n<\/div>    <\/article>\n    <article class=\"bde-loop-item ee-post\">\n        <div class=\"bde-div-17883-118-18683-17883-1 bde-div bde-div-17883-118\">\n  \n  \n\t\n\n\n\n\n<\/div>    <\/article>\n    <article class=\"bde-loop-item ee-post\">\n        <div class=\"bde-div-17883-118-18682-17883-1 bde-div bde-div-17883-118\">\n  \n  \n\t\n\n\n\n\n<\/div>    <\/article>\n    <article class=\"bde-loop-item ee-post\">\n        <div class=\"bde-div-17883-118-18681-17883-1 bde-div bde-div-17883-118\">\n  \n  \n\t\n\n\n\n\n<\/div>    <\/article>\n    <article class=\"bde-loop-item ee-post\">\n        <div class=\"bde-div-17883-118-18680-17883-1 bde-div bde-div-17883-118\">\n  \n  \n\t\n\n\n\n\n<\/div>    <\/article>\n    <article class=\"bde-loop-item ee-post\">\n        <div class=\"bde-div-17883-118-18679-17883-1 bde-div bde-div-17883-118\">\n  \n  \n\t\n\n\n\n\n<\/div>    <\/article>\n<\/div>\r\n<\/div>\r\n  <\/div>\r\n<\/div>\r\n<\/div><div class=\"bde-advanced-tabs-content-18356-122 bde-advanced-tabs-content\"><div tabindex=\"0\" role=\"tabpanel\" class=\"bde-tabs__panel js-panel\" id=\"\" aria-labelledby=\"\">\r\n  <div class=\"bde-tabs__panel-content\">\r\n    <div class=\"bde-post-loop-18356-129 bde-post-loop\"><div class=\"bde-loop bde-loop-list ee-posts ee-posts-list\">    <article class=\"bde-loop-item ee-post\">\n        <div class=\"bde-div-17883-118-18706-17883-1 bde-div bde-div-17883-118\">\n  \n  \n\t\n\n\n\n\n<\/div>    <\/article>\n    <article class=\"bde-loop-item ee-post\">\n        <div class=\"bde-div-17883-118-18705-17883-1 bde-div bde-div-17883-118\">\n  \n  \n\t\n\n\n\n\n<\/div>    <\/article>\n    <article class=\"bde-loop-item ee-post\">\n        <div class=\"bde-div-17883-118-18704-17883-1 bde-div bde-div-17883-118\">\n  \n  \n\t\n\n\n\n\n<\/div>    <\/article>\n    <article class=\"bde-loop-item ee-post\">\n        <div class=\"bde-div-17883-118-18703-17883-1 bde-div bde-div-17883-118\">\n  \n  \n\t\n\n\n\n\n<\/div>    <\/article>\n    <article class=\"bde-loop-item ee-post\">\n        <div class=\"bde-div-17883-118-18702-17883-1 bde-div bde-div-17883-118\">\n  \n  \n\t\n\n\n\n\n<\/div>    <\/article>\n    <article class=\"bde-loop-item ee-post\">\n        <div class=\"bde-div-17883-118-18701-17883-1 bde-div bde-div-17883-118\">\n  \n  \n\t\n\n\n\n\n<\/div>    <\/article>\n    <article class=\"bde-loop-item ee-post\">\n        <div class=\"bde-div-17883-118-18700-17883-1 bde-div bde-div-17883-118\">\n  \n  \n\t\n\n\n\n\n<\/div>    <\/article>\n    <article class=\"bde-loop-item ee-post\">\n        <div class=\"bde-div-17883-118-18699-17883-1 bde-div bde-div-17883-118\">\n  \n  \n\t\n\n\n\n\n<\/div>    <\/article>\n    <article class=\"bde-loop-item ee-post\">\n        <div class=\"bde-div-17883-118-18698-17883-1 bde-div bde-div-17883-118\">\n  \n  \n\t\n\n\n\n\n<\/div>    <\/article>\n    <article class=\"bde-loop-item ee-post\">\n        <div class=\"bde-div-17883-118-18697-17883-1 bde-div bde-div-17883-118\">\n  \n  \n\t\n\n\n\n\n<\/div>    <\/article>\n    <article class=\"bde-loop-item ee-post\">\n        <div class=\"bde-div-17883-118-18696-17883-1 bde-div bde-div-17883-118\">\n  \n  \n\t\n\n\n\n\n<\/div>    <\/article>\n    <article class=\"bde-loop-item ee-post\">\n        <div class=\"bde-div-17883-118-18695-17883-1 bde-div bde-div-17883-118\">\n  \n  \n\t\n\n\n\n\n<\/div>    <\/article>\n    <article class=\"bde-loop-item ee-post\">\n        <div class=\"bde-div-17883-118-18694-17883-1 bde-div bde-div-17883-118\">\n  \n  \n\t\n\n\n\n\n<\/div>    <\/article>\n    <article class=\"bde-loop-item ee-post\">\n        <div class=\"bde-div-17883-118-18693-17883-1 bde-div bde-div-17883-118\">\n  \n  \n\t\n\n\n\n\n<\/div>    <\/article>\n    <article class=\"bde-loop-item ee-post\">\n        <div class=\"bde-div-17883-118-18692-17883-1 bde-div bde-div-17883-118\">\n  \n  \n\t\n\n\n\n\n<\/div>    <\/article>\n    <article class=\"bde-loop-item ee-post\">\n        <div class=\"bde-div-17883-118-18691-17883-1 bde-div bde-div-17883-118\">\n  \n  \n\t\n\n\n\n\n<\/div>    <\/article>\n    <article class=\"bde-loop-item ee-post\">\n        <div class=\"bde-div-17883-118-18690-17883-1 bde-div bde-div-17883-118\">\n  \n  \n\t\n\n\n\n\n<\/div>    <\/article>\n    <article class=\"bde-loop-item ee-post\">\n        <div class=\"bde-div-17883-118-18689-17883-1 bde-div bde-div-17883-118\">\n  \n  \n\t\n\n\n\n\n<\/div>    <\/article>\n    <article class=\"bde-loop-item ee-post\">\n        <div class=\"bde-div-17883-118-18688-17883-1 bde-div bde-div-17883-118\">\n  \n  \n\t\n\n\n\n\n<\/div>    <\/article>\n    <article class=\"bde-loop-item ee-post\">\n        <div class=\"bde-div-17883-118-18687-17883-1 bde-div bde-div-17883-118\">\n  \n  \n\t\n\n\n\n\n<\/div>    <\/article>\n<\/div>\r\n<\/div>\r\n  <\/div>\r\n<\/div>\r\n<\/div>\n<\/div>\n\n\n<\/div><div class=\"bde-code-block-18356-116 bde-code-block\">\n\n  <div id=\"wp-dummy_hidden_editor-wrap\" class=\"wp-core-ui wp-editor-wrap tmce-active\"><link rel='stylesheet' id='dashicons-css' href='https:\/\/www.lhg.is\/wp-includes\/css\/dashicons.min.css' type='text\/css' media='all' \/>\n<link rel='stylesheet' id='editor-buttons-css' href='https:\/\/www.lhg.is\/wp-includes\/css\/editor.min.css' type='text\/css' media='all' \/>\n<div id=\"wp-dummy_hidden_editor-editor-tools\" class=\"wp-editor-tools hide-if-no-js\"><div class=\"wp-editor-tabs\"><button type=\"button\" id=\"dummy_hidden_editor-tmce\" aria-pressed=\"true\" class=\"wp-switch-editor switch-tmce\" data-wp-editor-id=\"dummy_hidden_editor\">Visual<\/button>\n<button type=\"button\" id=\"dummy_hidden_editor-html\" class=\"wp-switch-editor switch-html\" data-wp-editor-id=\"dummy_hidden_editor\">Code<\/button>\n<\/div>\n<\/div>\n<div id=\"wp-dummy_hidden_editor-editor-container\" class=\"wp-editor-container\"><div id=\"qt_dummy_hidden_editor_toolbar\" class=\"quicktags-toolbar hide-if-no-js\"><\/div><textarea class=\"wp-editor-area\" rows=\"20\" autocomplete=\"off\" cols=\"40\" name=\"dummy_hidden_editor\" id=\"dummy_hidden_editor\"><\/textarea><\/div>\n<\/div>\n\n\n\n\n<\/div><\/div>\n<\/section>","protected":false},"excerpt":{"rendered":"<p>Maritime safety Navigational Warnings Sko\u00f0a \u00e1 \u00edslensku Active Inactive Visual Code<\/p>\n","protected":false},"author":1,"featured_media":0,"parent":1918,"menu_order":0,"comment_status":"closed","ping_status":"closed","template":"","meta":{"_acf_changed":false,"_breakdance_hide_in_design_set":false,"_breakdance_tags":"","footnotes":""},"class_list":["post-18356","page","type-page","status-publish","hentry"],"acf":[],"_links":{"self":[{"href":"https:\/\/www.lhg.is\/en\/wp-json\/wp\/v2\/pages\/18356","targetHints":{"allow":["GET"]}}],"collection":[{"href":"https:\/\/www.lhg.is\/en\/wp-json\/wp\/v2\/pages"}],"about":[{"href":"https:\/\/www.lhg.is\/en\/wp-json\/wp\/v2\/types\/page"}],"author":[{"embeddable":true,"href":"https:\/\/www.lhg.is\/en\/wp-json\/wp\/v2\/users\/1"}],"replies":[{"embeddable":true,"href":"https:\/\/www.lhg.is\/en\/wp-json\/wp\/v2\/comments?post=18356"}],"version-history":[{"count":0,"href":"https:\/\/www.lhg.is\/en\/wp-json\/wp\/v2\/pages\/18356\/revisions"}],"up":[{"embeddable":true,"href":"https:\/\/www.lhg.is\/en\/wp-json\/wp\/v2\/pages\/1918"}],"wp:attachment":[{"href":"https:\/\/www.lhg.is\/en\/wp-json\/wp\/v2\/media?parent=18356"}],"curies":[{"name":"wp","href":"https:\/\/api.w.org\/{rel}","templated":true}]}}