{"id":1843,"date":"2024-11-18T14:28:12","date_gmt":"2024-11-18T14:28:12","guid":{"rendered":"https:\/\/www.lhg.is\/hafa-samband\/"},"modified":"2025-03-20T10:00:21","modified_gmt":"2025-03-20T10:00:21","slug":"contact-us","status":"publish","type":"page","link":"https:\/\/www.lhg.is\/en\/contact-us\/","title":{"rendered":"Contact us"},"content":{"rendered":"<div class='breakdance'><section class=\"bde-section-1843-108 bde-section\">\n  \n  \n\t\n\n\n\n<div class=\"section-container\"><div class=\"bde-columns-1843-109 bde-columns\"><div class=\"bde-column-1843-110 bde-column\">\n  \n  \n\t\n\n\n\n<h6 class=\"bde-heading-1843-111 bde-heading\">\nICELANDIC COAST GUARD\n<\/h6><div class=\"bde-fancy-divider-1843-112 bde-fancy-divider\">\n\n\n<div class=\"bde-fancy-divider__wrapper\">\n  <div class=\"bde-fancy-divider__separator   \">\n  \t  <\/div>\n<\/div>\n\n<\/div><h3 class=\"bde-heading-1843-113 bde-heading\">\nContact us\n<\/h3>\n<\/div><div class=\"bde-column-1843-114 bde-column\">\n  \n  \n\t\n\n\n\n\n<\/div><\/div><\/div>\n<\/section><section class=\"bde-section-1843-116 bde-section\">\n  \n  \n\t\n\n\n\n<div class=\"section-container\"><div class=\"bde-image-1843-117 bde-image\">\n<figure class=\"breakdance-image breakdance-image--97\">\n\t<div class=\"breakdance-image-container\">\n\t\t<div class=\"breakdance-image-clip\"><img decoding=\"async\" class=\"breakdance-image-object\" src=\"https:\/\/www.lhg.is\/wp-content\/uploads\/2024\/11\/sitelogo.svg\" width=\"\" height=\"\"><\/div>\n\t<\/div><\/figure>\n\n<\/div><div class=\"bde-columns-1843-118 bde-columns\"><div class=\"bde-column-1843-119 bde-column\">\n  \n  \n\t\n\n\n\n<div class=\"bde-div-1843-120 bde-div\">\n  \n  \n\t\n\n\n\n<div class=\"bde-text-1843-121 bde-text\">\nSk\u00f3garhl\u00ed\u00f0 14, 105 Reykjav\u00edk<br>Telephone <b><a href=\"tel:5452000\">545 2000<\/a><\/b><br>Fax <b><a href=\"tel:5452001\">545 2001<\/a><\/b><br>Email: <a href=\"mailto:lhg@lhg.is\">lhg@lhg.is<\/a>\n<\/div>\n<\/div><div class=\"bde-div-1843-122 bde-div\">\n  \n  \n\t\n\n\n\n<h1 class=\"bde-heading-1843-123 bde-heading\">\nPayment Information\n<\/h1><div class=\"bde-text-1843-124 bde-text\">\n<b>ID<\/b>\t710169-5869<br><b>IBAN No.<\/b>\tIS98 0311 2602 8500 7101 6958 69<br><b>SWIFT (BIC):<\/b>\tESJAISRE<br><b>Tax nr. <\/b>(VAT Reg.No.)\t72442<br><b>Email<\/b> invoice@lhg.is <br><b>No.<\/b>\t0311-26-28500\n<\/div>\n<\/div>\n<\/div><div class=\"bde-column-1843-125 bde-column\">\n  \n  \n\t\n\n\n\n<div class=\"bde-div-1843-126 bde-div\">\n  \n  \n\t\n\n\n\n<h1 class=\"bde-heading-1843-127 bde-heading\">\nOpen 24 hours a day\n<\/h1><div class=\"bde-text-1843-128 bde-text\">\nPhone\n<\/div><div class=\"bde-text-1843-129 bde-text\">\n<a href=\"tel:5113333\">511 3333<\/a>\n<\/div><div class=\"bde-text-1843-130 bde-text\">\nNavigation control\/watch station\n<\/div><div class=\"bde-text-1843-131 bde-text\">\n<a href=\"tel:5452100\">545 2100<\/a>\n<\/div>\n<\/div>\n<\/div><\/div><\/div>\n<\/section><section class=\"bde-section-1843-100 bde-section\">\n  \n  \n\t\n\n\n\n<div class=\"section-container\"><div class=\"bde-shortcode-1843-101 bde-shortcode\">[gravityform id=\"3\" title=\"false\" description=\"false\"]<\/div><\/div>\n<\/section><\/div>","protected":false},"excerpt":{"rendered":"<p>ICELANDIC COAST GUARD Contact us Sk\u00f3garhl\u00ed\u00f0 14, 105 Reykjav\u00edkTelephone 545 2000Fax 545 2001Email: lhg@lhg.is Payment Information ID 710169-5869IBAN No. IS98 0311 2602 8500 7101 6958 69SWIFT (BIC): ESJAISRETax nr. (VAT Reg.No.) 72442Email invoice@lhg.is No. 0311-26-28500 Open 24 hours a day Phone 511 3333 Navigation control\/watch station 545 2100 [gravityform id=&#8221;3&#8243; title=&#8221;false&#8221; description=&#8221;false&#8221;]<\/p>\n","protected":false},"author":2,"featured_media":0,"parent":0,"menu_order":0,"comment_status":"closed","ping_status":"closed","template":"","meta":{"_acf_changed":false,"_breakdance_hide_in_design_set":false,"_breakdance_tags":"","footnotes":""},"class_list":["post-1843","page","type-page","status-publish","hentry"],"acf":[],"_links":{"self":[{"href":"https:\/\/www.lhg.is\/en\/wp-json\/wp\/v2\/pages\/1843","targetHints":{"allow":["GET"]}}],"collection":[{"href":"https:\/\/www.lhg.is\/en\/wp-json\/wp\/v2\/pages"}],"about":[{"href":"https:\/\/www.lhg.is\/en\/wp-json\/wp\/v2\/types\/page"}],"author":[{"embeddable":true,"href":"https:\/\/www.lhg.is\/en\/wp-json\/wp\/v2\/users\/2"}],"replies":[{"embeddable":true,"href":"https:\/\/www.lhg.is\/en\/wp-json\/wp\/v2\/comments?post=1843"}],"version-history":[{"count":0,"href":"https:\/\/www.lhg.is\/en\/wp-json\/wp\/v2\/pages\/1843\/revisions"}],"wp:attachment":[{"href":"https:\/\/www.lhg.is\/en\/wp-json\/wp\/v2\/media?parent=1843"}],"curies":[{"name":"wp","href":"https:\/\/api.w.org\/{rel}","templated":true}]}}