{"id":1862,"date":"2024-12-23T12:39:01","date_gmt":"2024-12-23T12:39:01","guid":{"rendered":"https:\/\/www.lhg.is\/thor-2\/"},"modified":"2026-04-09T15:22:17","modified_gmt":"2026-04-09T15:22:17","slug":"thor","status":"publish","type":"page","link":"https:\/\/www.lhg.is\/en\/thor\/","title":{"rendered":"Thor"},"content":{"rendered":"<section class=\"bde-section-1862-124 bde-section\">\n  \n  \n\t\n\n\n\n<div class=\"section-container\"><h6 class=\"bde-heading-1862-125 bde-heading\">\nMARITIME ASSETS\n<\/h6><div class=\"bde-fancy-divider-1862-126 bde-fancy-divider\">\n\n\n<div class=\"bde-fancy-divider__wrapper\">\n  <div class=\"bde-fancy-divider__separator   \">\n  \t  <\/div>\n<\/div>\n\n<\/div><h3 class=\"bde-heading-1862-127 bde-heading\">\n\u00de\u00f3r\n<\/h3><\/div>\n<\/section><section class=\"bde-section-1862-109 bde-section\">\n  \n  \n\t\n\n\n\n<div class=\"section-container\"><div class=\"bde-div-1862-110 bde-div\">\n  \n  \n\t\n\n\n\n<img decoding=\"async\" class=\"bde-image2-1862-117 bde-image2\" src=\"https:\/\/www.lhg.is\/wp-content\/uploads\/2024\/12\/thor.jpg\" loading=\"lazy\" srcset=\"https:\/\/www.lhg.is\/wp-content\/uploads\/2024\/12\/thor.jpg 1170w, https:\/\/www.lhg.is\/wp-content\/uploads\/2024\/12\/thor-300x158.jpg 300w, https:\/\/www.lhg.is\/wp-content\/uploads\/2024\/12\/thor-1024x540.jpg 1024w, https:\/\/www.lhg.is\/wp-content\/uploads\/2024\/12\/thor-768x405.jpg 768w\" sizes=\"(max-width: 1170px) 100vw, 1170px\">\n<\/div><div class=\"bde-div-1862-114 bde-div\">\n  \n  \n\t\n\n\n\n<div class=\"bde-rich-text-1862-115 bde-rich-text breakdance-rich-text-styles\">\n<p>The patrol vessel \u00de\u00f3r is the flagship of the ICG and is one of the most advanced vessels of its type. With the arrival of the vessel in 2011, a huge step was taken in mariner safety in, and the surveillance of Icelandic waters; whether in the field of resource protection, fisheries monitoring, law enforcement, search or rescue. In addition, the vessel can provide support responses and defences against the threat of terrorism as well as being useful for co-operating with police special forces and customs. The vessel, moreover, is equipped with powerful pollution prevention equipment. \u00de\u00f3r also has considerable towing capabilities. The pivot point of the towing cable is in front of the steering and propellers, making it easy to change course even if towing a much larger and heavier vessel. The patrol vessel can be used as a mobile control centre during emergencies and can link the rescue teams to the co-ordination station in Sk\u00f3garhl\u00ed\u00f0 even if all normal telecommunications are unavailable, e.g., due to natural disasters or disruptions. It is especially designed with the needs of the Icelandic society and future challenges in the North Atlantic in mind. This makes \u00de\u00f3r a powerful link in the chain of search and rescue entities in this unforgiving ocean environment.<\/p>\n\n\n<\/div><div class=\"bde-video-1862-116 bde-video\">\n<div class=\"ee-video-container\">\n            \n                                                    \n                                <div class=\"ee-video ee-vimeo\">\n                    <iframe\n                            class=\"ee-video lozad\"\n                    title=\"\"\n                    data-src=\n                    \"https:\/\/player.vimeo.com\/video\/32966032?dnt=1&amp;app_id=122963&controls=1&playsinline=0\n                    \"\n                    width=\"100%\" height=\"100%\" frameborder=\"0\"\n                    allow=\"autoplay; fullscreen; picture-in-picture\" allowfullscreen>\n                    <\/iframe>\n                <\/div>\n                    \n            \n    <\/div>\n\n<\/div>\n<\/div><div class=\"bde-basicslider-1862-118 bde-basicslider\">\n<div class=\"breakdance-swiper-wrapper\" data-swiper-id=\"118\">\n    <div class=\"swiper\">\n      <div class=\"swiper-wrapper\">\n      \n\t                    \n        <div class=\"swiper-slide\">\n          <div class=\"bde-basicslider__slide\" style=\"  background: #fcbc8f;\n\">\n              <div class=\"bde-basicslider__content\">\n                                                <\/div>\n\n\t\t\t\t\t\t          <img loading=\"lazy\" decoding=\"async\" class=\"breakdance-image-object bde-basicslider__image\" src=\"https:\/\/www.lhg.is\/wp-content\/uploads\/2024\/12\/Thor_07102011.jpg\" width=\"1170\" height=\"617\" srcset=\"https:\/\/www.lhg.is\/wp-content\/uploads\/2024\/12\/Thor_07102011.jpg 1170w, https:\/\/www.lhg.is\/wp-content\/uploads\/2024\/12\/Thor_07102011-300x158.jpg 300w, https:\/\/www.lhg.is\/wp-content\/uploads\/2024\/12\/Thor_07102011-1024x540.jpg 1024w, https:\/\/www.lhg.is\/wp-content\/uploads\/2024\/12\/Thor_07102011-768x405.jpg 768w\" sizes=\"auto, (max-width: 1170px) 100vw, 1170px\">\n\t\t\t\n          <\/div>\n        <\/div>\n       \n\t                    \n        <div class=\"swiper-slide\">\n          <div class=\"bde-basicslider__slide\" style=\"  background: #fcbc8f;\n\">\n              <div class=\"bde-basicslider__content\">\n                                                <\/div>\n\n\t\t\t\t\t\t          <img loading=\"lazy\" decoding=\"async\" class=\"breakdance-image-object bde-basicslider__image\" src=\"https:\/\/www.lhg.is\/wp-content\/uploads\/2024\/12\/thor.jpg\" width=\"1170\" height=\"617\" srcset=\"https:\/\/www.lhg.is\/wp-content\/uploads\/2024\/12\/thor.jpg 1170w, https:\/\/www.lhg.is\/wp-content\/uploads\/2024\/12\/thor-300x158.jpg 300w, https:\/\/www.lhg.is\/wp-content\/uploads\/2024\/12\/thor-1024x540.jpg 1024w, https:\/\/www.lhg.is\/wp-content\/uploads\/2024\/12\/thor-768x405.jpg 768w\" sizes=\"auto, (max-width: 1170px) 100vw, 1170px\">\n\t\t\t\n          <\/div>\n        <\/div>\n       \n\t                    \n        <div class=\"swiper-slide\">\n          <div class=\"bde-basicslider__slide\" style=\"  background: #fcbc8f;\n\">\n              <div class=\"bde-basicslider__content\">\n                                                <\/div>\n\n\t\t\t\t\t\t          <img loading=\"lazy\" decoding=\"async\" class=\"breakdance-image-object bde-basicslider__image\" src=\"https:\/\/www.lhg.is\/wp-content\/uploads\/2024\/12\/thor1.jpg\" width=\"1170\" height=\"617\" srcset=\"https:\/\/www.lhg.is\/wp-content\/uploads\/2024\/12\/thor1.jpg 1170w, https:\/\/www.lhg.is\/wp-content\/uploads\/2024\/12\/thor1-300x158.jpg 300w, https:\/\/www.lhg.is\/wp-content\/uploads\/2024\/12\/thor1-1024x540.jpg 1024w, https:\/\/www.lhg.is\/wp-content\/uploads\/2024\/12\/thor1-768x405.jpg 768w\" sizes=\"auto, (max-width: 1170px) 100vw, 1170px\">\n\t\t\t\n          <\/div>\n        <\/div>\n       \n\t                    \n        <div class=\"swiper-slide\">\n          <div class=\"bde-basicslider__slide\" style=\"  background: #fcbc8f;\n\">\n              <div class=\"bde-basicslider__content\">\n                                                <\/div>\n\n\t\t\t\t\t\t          <img loading=\"lazy\" decoding=\"async\" class=\"breakdance-image-object bde-basicslider__image\" src=\"https:\/\/www.lhg.is\/wp-content\/uploads\/2024\/12\/thor2.jpeg\" width=\"1170\" height=\"617\" srcset=\"https:\/\/www.lhg.is\/wp-content\/uploads\/2024\/12\/thor2.jpeg 1170w, https:\/\/www.lhg.is\/wp-content\/uploads\/2024\/12\/thor2-300x158.jpeg 300w, https:\/\/www.lhg.is\/wp-content\/uploads\/2024\/12\/thor2-1024x540.jpeg 1024w, https:\/\/www.lhg.is\/wp-content\/uploads\/2024\/12\/thor2-768x405.jpeg 768w\" sizes=\"auto, (max-width: 1170px) 100vw, 1170px\">\n\t\t\t\n          <\/div>\n        <\/div>\n       \n\t                    \n        <div class=\"swiper-slide\">\n          <div class=\"bde-basicslider__slide\" style=\"  background: #fcbc8f;\n\">\n              <div class=\"bde-basicslider__content\">\n                                                <\/div>\n\n\t\t\t\t\t\t          <img loading=\"lazy\" decoding=\"async\" class=\"breakdance-image-object bde-basicslider__image\" src=\"https:\/\/www.lhg.is\/wp-content\/uploads\/2024\/12\/thor3.jpeg\" width=\"1170\" height=\"617\" srcset=\"https:\/\/www.lhg.is\/wp-content\/uploads\/2024\/12\/thor3.jpeg 1170w, https:\/\/www.lhg.is\/wp-content\/uploads\/2024\/12\/thor3-300x158.jpeg 300w, https:\/\/www.lhg.is\/wp-content\/uploads\/2024\/12\/thor3-1024x540.jpeg 1024w, https:\/\/www.lhg.is\/wp-content\/uploads\/2024\/12\/thor3-768x405.jpeg 768w\" sizes=\"auto, (max-width: 1170px) 100vw, 1170px\">\n\t\t\t\n          <\/div>\n        <\/div>\n       \n\t                    \n        <div class=\"swiper-slide\">\n          <div class=\"bde-basicslider__slide\" style=\"  background: #fcbc8f;\n\">\n              <div class=\"bde-basicslider__content\">\n                                                <\/div>\n\n\t\t\t\t\t\t          <img loading=\"lazy\" decoding=\"async\" class=\"breakdance-image-object bde-basicslider__image\" src=\"https:\/\/www.lhg.is\/wp-content\/uploads\/2024\/12\/thor4.jpeg\" width=\"1170\" height=\"617\" srcset=\"https:\/\/www.lhg.is\/wp-content\/uploads\/2024\/12\/thor4.jpeg 1170w, https:\/\/www.lhg.is\/wp-content\/uploads\/2024\/12\/thor4-300x158.jpeg 300w, https:\/\/www.lhg.is\/wp-content\/uploads\/2024\/12\/thor4-1024x540.jpeg 1024w, https:\/\/www.lhg.is\/wp-content\/uploads\/2024\/12\/thor4-768x405.jpeg 768w\" sizes=\"auto, (max-width: 1170px) 100vw, 1170px\">\n\t\t\t\n          <\/div>\n        <\/div>\n       \n\t                    \n        <div class=\"swiper-slide\">\n          <div class=\"bde-basicslider__slide\" style=\"  background: #fcbc8f;\n\">\n              <div class=\"bde-basicslider__content\">\n                                                <\/div>\n\n\t\t\t\t\t\t          <img loading=\"lazy\" decoding=\"async\" class=\"breakdance-image-object bde-basicslider__image\" src=\"https:\/\/www.lhg.is\/wp-content\/uploads\/2024\/12\/thor5.jpg\" width=\"1170\" height=\"617\" srcset=\"https:\/\/www.lhg.is\/wp-content\/uploads\/2024\/12\/thor5.jpg 1170w, https:\/\/www.lhg.is\/wp-content\/uploads\/2024\/12\/thor5-300x158.jpg 300w, https:\/\/www.lhg.is\/wp-content\/uploads\/2024\/12\/thor5-1024x540.jpg 1024w, https:\/\/www.lhg.is\/wp-content\/uploads\/2024\/12\/thor5-768x405.jpg 768w\" sizes=\"auto, (max-width: 1170px) 100vw, 1170px\">\n\t\t\t\n          <\/div>\n        <\/div>\n       \n      <\/div>\n    <\/div>\n                <div class=\"swiper-button-prev\">\n            \n        <\/div>\n        <div class=\"swiper-button-next\">\n            \n        <\/div>\n    \n            <div class=\"swiper-pagination\"><\/div>\n    \n<\/div>\n\n<\/div><\/div>\n<\/section>","protected":false},"excerpt":{"rendered":"<p>MARITIME ASSETS \u00de\u00f3r The patrol vessel \u00de\u00f3r is the flagship of the ICG and is one of the most advanced vessels of its type. With the arrival of the vessel in 2011, a huge step was taken in mariner safety in, and the surveillance of Icelandic waters; whether in the field of resource protection, fisheries [&hellip;]<\/p>\n","protected":false},"author":2,"featured_media":0,"parent":0,"menu_order":0,"comment_status":"closed","ping_status":"closed","template":"","meta":{"_acf_changed":false,"_breakdance_hide_in_design_set":false,"_breakdance_tags":"","footnotes":""},"class_list":["post-1862","page","type-page","status-publish","hentry"],"acf":[],"_links":{"self":[{"href":"https:\/\/www.lhg.is\/en\/wp-json\/wp\/v2\/pages\/1862","targetHints":{"allow":["GET"]}}],"collection":[{"href":"https:\/\/www.lhg.is\/en\/wp-json\/wp\/v2\/pages"}],"about":[{"href":"https:\/\/www.lhg.is\/en\/wp-json\/wp\/v2\/types\/page"}],"author":[{"embeddable":true,"href":"https:\/\/www.lhg.is\/en\/wp-json\/wp\/v2\/users\/2"}],"replies":[{"embeddable":true,"href":"https:\/\/www.lhg.is\/en\/wp-json\/wp\/v2\/comments?post=1862"}],"version-history":[{"count":0,"href":"https:\/\/www.lhg.is\/en\/wp-json\/wp\/v2\/pages\/1862\/revisions"}],"wp:attachment":[{"href":"https:\/\/www.lhg.is\/en\/wp-json\/wp\/v2\/media?parent=1862"}],"curies":[{"name":"wp","href":"https:\/\/api.w.org\/{rel}","templated":true}]}}