{"id":1932,"date":"2024-11-18T14:23:09","date_gmt":"2024-11-18T14:23:09","guid":{"rendered":"https:\/\/www.lhg.is\/sjokort\/"},"modified":"2026-04-16T13:28:14","modified_gmt":"2026-04-16T13:28:14","slug":"hydrographic-department","status":"publish","type":"page","link":"https:\/\/www.lhg.is\/en\/hydrographic-department\/","title":{"rendered":"Hydrographic Department"},"content":{"rendered":"<section class=\"bde-section-1932-142 bde-section\">\n  \n  \n\t\n\n\n\n<div class=\"section-container\"><h6 class=\"bde-heading-1932-143 bde-heading\">\nIcelandic Coast Guard\n<\/h6><div class=\"bde-fancy-divider-1932-144 bde-fancy-divider\">\n\n\n<div class=\"bde-fancy-divider__wrapper\">\n  <div class=\"bde-fancy-divider__separator   \">\n  \t  <\/div>\n<\/div>\n\n<\/div><h3 class=\"bde-heading-1932-145 bde-heading\">\nHydrographic surveying and nautical charting\n<\/h3><\/div>\n<\/section><section class=\"bde-section-1932-107 bde-section\">\n  \n  \n\t\n\n\n\n<div class=\"section-container\"><img decoding=\"async\" class=\"bde-image2-1932-111 bde-image2\" src=\"https:\/\/www.lhg.is\/wp-content\/uploads\/2025\/01\/Baldur-Snorre.jpg\" loading=\"lazy\" srcset=\"https:\/\/www.lhg.is\/wp-content\/uploads\/2025\/01\/Baldur-Snorre.jpg 1170w, https:\/\/www.lhg.is\/wp-content\/uploads\/2025\/01\/Baldur-Snorre-300x158.jpg 300w, https:\/\/www.lhg.is\/wp-content\/uploads\/2025\/01\/Baldur-Snorre-1024x540.jpg 1024w, https:\/\/www.lhg.is\/wp-content\/uploads\/2025\/01\/Baldur-Snorre-768x405.jpg 768w\" sizes=\"(max-width: 1170px) 100vw, 1170px\"><div class=\"bde-div-1932-109 bde-div\">\n  \n  \n\t\n\n\n\n<div class=\"bde-rich-text-1932-110 bde-rich-text breakdance-rich-text-styles\">\n<p>The ICG Hydrographic Department is responsible for both hydrographic surveying and nautical charting. Updated nautical charts are essential for safe navigation; it is mandatory for all ships to carry such charts.<\/p><p>The ICG\/Hydrographic Department issues a monthly publication of Notices to Mariners with information on amendments that need to be added to the nautical charts. The ICG Hydrographic Department constantly reviews ocean areas that are covered by older surveys.<\/p><p>Hydrographic surveys are carried out over the summer months by the survey vessel Baldur, and during the winter months, the crew works on the processing of data together with the nautical cartographers.<\/p><p>\u00a0<\/p><p><img loading=\"lazy\" decoding=\"async\" class=\"aligncenter size-large wp-image-1938\" src=\"https:\/\/www.lhg.is\/wp-content\/uploads\/2025\/01\/Iceland_modern_hydrographic_surveys-1024x540.jpg\" alt=\"\" width=\"1024\" height=\"540\" srcset=\"https:\/\/www.lhg.is\/wp-content\/uploads\/2025\/01\/Iceland_modern_hydrographic_surveys-1024x540.jpg 1024w, https:\/\/www.lhg.is\/wp-content\/uploads\/2025\/01\/Iceland_modern_hydrographic_surveys-300x158.jpg 300w, https:\/\/www.lhg.is\/wp-content\/uploads\/2025\/01\/Iceland_modern_hydrographic_surveys-768x405.jpg 768w, https:\/\/www.lhg.is\/wp-content\/uploads\/2025\/01\/Iceland_modern_hydrographic_surveys.jpg 1170w\" sizes=\"auto, (max-width: 1024px) 100vw, 1024px\" \/><\/p><p>The Icelandic Coast Guard (ICG) is responsible for hydrographic surveying according to clause 17 of law <a href=\"https:\/\/www.stjornartidindi.is\/Advert.aspx?ID=bdc57108-f865-4651-9c79-8dfa97151684\" target=\"_blank\" rel=\"noopener\">No. 52\/2006<\/a>. The Hydrographic Department (ICG-HD) executes this task. ICG-HD works in two sections, survey section and chart section. Employees are 12. ICG-HD makes nautical charts and publishes other nautical publications for mariners around Iceland. The main objective is to complete a series of costal charts at scale 1:100 000 and update harbour plans.<\/p><p>Each and every vessel must carry latest edition of necessary charts i.e. transit charts and coastal charts. Furthermore a ship must carry necessary instruments to plot positions on a chart and Lists of Lights, Tide Tables and Pilots covering relevant sea areas. Charts must be corrected and up to date according to latest Notices to Mariners. Other corrections should be made where applicable.<\/p><p>Danes carried out hydrographic surveying and production of nautical charts of Icelandic waters until the fifth decade of the 20th century. In the year 1960 Icelanders took fully over. Icelandic charts fall into the following categories:<\/p><p><strong>Transit charts, scale:<\/strong> 1:200 000 - 1:3 500 000 9 charts<\/p><p><strong>Coastal charts, scale:<\/strong> 1:70 000 - 1:160 000 20 charts<\/p><p><strong>Approach - and harbour charts, scale:<\/strong> 1:10 000 - 1:50 000 51 charts<\/p><p>\u00a0<\/p><p><strong>Other publications are:<\/strong><\/p><ul><li>Icelandic Sailing Directions (in Icelandic only) published in 1991.<\/li><li>INT 1 - Symbols and abbreviations used on charts, published in 2012.<\/li><li><a href=\"https:\/\/www.lhg.is\/wp-content\/uploads\/2026\/01\/Vitaskra_i_Gildi.pdf\" target=\"_blank\" rel=\"noopener\">Icelandic List of Lights<\/a>, Icelandic Tide Tables and Tide Graphs (pub. yearly).<\/li><li><a href=\"https:\/\/www.lhg.is\/en\/jrcc-iceland\/navigational-warnings\/\" target=\"_blank\" rel=\"noopener\">Active Navigational Warnings<\/a>, updated 27\/7 by ICG Operational Center.<\/li><li><a href=\"https:\/\/www.lhg.is\/siglingaoryggi\/tilkynningar-til-sjofarenda\/tilkynningar-til-sjofarenda-notices-to-mariners\/\" target=\"_blank\" rel=\"noopener\">Notices to Mariners,<\/a> in general, issued monthly.<\/li><li><a href=\"https:\/\/www.lhg.is\/wp-content\/uploads\/2026\/01\/Listi-yfir-Tts-med-efni-tilkynningar_IS-EN-1.pdf\" target=\"_blank\" rel=\"noopener\">List of Charts by number and relevant Notices to Mariners.<\/a><\/li><li>Iceland has been a member of the International Hydrographic Organization (IHO) since 1957. IHO was formed by 19 states in 1921. Member states today are 80. IHO publishes specifications that are followed when Icelandic charts are made. Further information on IHO can be found at: <a href=\"http:\/\/www.iho.int\/\" target=\"_blank\" rel=\"noopener\">www.iho.int<\/a><\/li><\/ul><p>Charts are different from other maps and are used differently. One of the things contributing to this fact is that changes and corrections are issued in Notices to Mariners (NtM's), which ICG-HD publishes monthly. The NM's contain information on items that need to be amended in a chart and it is the user's responsibility to keep the charts updated. The NM's are sent to chart users upon request, free of charge. Furthermore a digital version can be obtained at ICG-HD site on this web: <a href=\"https:\/\/www.lhg.is\/siglingaoryggi\/tilkynningar-til-sjofarenda\/tilkynningar-til-sjofarenda-notices-to-mariners\/\" target=\"_blank\" rel=\"noopener\">NtM's<\/a>.<\/p><p>Information on depths or other matters concerning navigation are updated with a new edition of a chart or with a new print if changes are minor. On each chart there is information on date of first edition. If a new edition has been published it is shown separately.<\/p><p>Icelandic charts are in the Mercator projection. All new charts are referred to the WGS-84 datum, but two older charts are referred to Reykjavik-datum. Depths are reduced to mean low water springs (MLWS). Depths and heights are in metres.<\/p><p>Charts alone can not carry all information necessary for mariners and therefore special nautical publications are printed. See list on p. 13 in the Catalogue of Charts.<\/p><p>Agents, within Iceland and abroad, sell Icelandic charts and other nautical publications. See list of <a href=\"https:\/\/www.lhg.is\/siglingaoryggi\/ymis-frodleikur\/umbodsmenn-lhg\/\" target=\"_blank\" rel=\"noopener\">agents<\/a> on this web and on p.14 in the Catalogue of Charts.<\/p><p><a href=\"https:\/\/www.lhg.is\/siglingaoryggi\/tilkynningar-til-sjofarenda\/tilkynningar-til-sjofarenda-notices-to-mariners\/\" target=\"_blank\" rel=\"noopener\">Notices to Mariners (NtMs)<\/a><br \/><a href=\"https:\/\/www.lhg.is\/wp-content\/uploads\/2026\/03\/Kortaskra_IS_Catalogue_of_Charts_i_gildi.pdf\" target=\"_blank\" rel=\"noopener\">Catalogue of Chart<\/a><br \/><a href=\"https:\/\/www.lhg.is\/siglingaoryggi\/ymis-frodleikur\/umbodsmenn-lhg\/\" target=\"_blank\" rel=\"noopener\">Distributors<\/a><br \/><a href=\"https:\/\/www.lhg.is\/wp-content\/uploads\/2025\/11\/Sjavarfallatoflur_2026_vefutgafa.pdf\" target=\"_blank\" rel=\"noopener\">Tide<\/a><\/p>\n<\/div>\n<\/div><\/div>\n<\/section><section class=\"bde-section-1932-112 bde-section\">\n  \n  \n\t\n\n\n\n<div class=\"section-container\"><div class=\"bde-accordion-1932-113 bde-accordion bde-accordion--bordered\"><div class=\"bde-accordion__content-wrapper-1932-114 bde-accordion__content-wrapper\">\n<h3 class=\"bde-accordion__title-tag\">\n  <button type=\"button\" class=\"bde-accordion__button\" id=\"accordion-button-114\" aria-controls=\"accordion-panel-114\" aria-expanded=\"false\">\n     <span class=\"bde-accordion__title\" >Links to Hydrographic agencies<\/span>\n     <span class=\"bde-accordion__icon bde-accordion__icon--default\"><\/span>\n     <span class=\"bde-accordion__icon bde-accordion__icon--active\"><\/span>\n  <\/button>\n<\/h3>\n\n<div role=\"region\" class=\"bde-accordion__panel\" id=\"accordion-panel-114\" aria-labelledby=\"accordion-button-114\">\n    <div class=\"bde-accordion__panel-content\">\n        <div class=\"bde-rich-text-1932-115 bde-rich-text breakdance-rich-text-styles\">\n<p>International Hydographic Organization Monaco:\u00a0<a class=\"external\" title=\"International Hydrographic Organization (Opnast \u00ed n\u00fdjum vafraglugga) (Opens in new window)\" href=\"https:\/\/iho.int\/\" target=\"_blank\" rel=\"noopener\">International Hydrographic Organization<\/a><br \/>USA:\u00a0<a class=\"external\" title=\"NGA (Opnast \u00ed n\u00fdjum vafraglugga) (Opens in new window)\" href=\"http:\/\/www.nga.mil\/\" target=\"_blank\" rel=\"noopener\">NGA (Opnast \u00ed n\u00fdjum vafraglugga)<\/a>\u00a0\u00a0&amp;\u00a0<a class=\"external\" title=\"NOAA (Opnast \u00ed n\u00fdjum vafraglugga) (Opens in new window)\" href=\"http:\/\/www.noaa.gov\/\" target=\"_blank\" rel=\"noopener\">NOAA<\/a><br \/>UK:\u00a0<a class=\"external\" title=\"UK Hydrographic Office (Opnast \u00ed n\u00fdjum vafraglugga) (Opens in new window)\" href=\"http:\/\/www.ukho.gov.uk\/\" target=\"_blank\" rel=\"noopener\">UK Hydrographic Office<\/a><br \/>Danmark:\u00a0<a class=\"external\" title=\"Geodatastyrelsen (Opnast \u00ed n\u00fdjum vafraglugga) (Opens in new window)\" href=\"http:\/\/gst.dk\/\" target=\"_blank\" rel=\"noopener\">Geodatastyrelsen<\/a><br \/>Finland:\u00a0<a class=\"external\" title=\"Finnish Transport Agency (Opnast \u00ed n\u00fdjum vafraglugga) (Opens in new window)\" href=\"https:\/\/www.traficom.fi\/en\/transport\/maritime\/hydrography\" target=\"_blank\" rel=\"noopener\">Finnish Transport Agency\u00a0<\/a><br \/>Canada:\u00a0<a class=\"external\" title=\"Canadian Hydrographic Service (Opnast \u00ed n\u00fdjum vafraglugga) (Opens in new window)\" href=\"https:\/\/www.charts.gc.ca\/help-aide\/about-apropos\/index-eng.html\" target=\"_blank\" rel=\"noopener\">Canadian Hydrographic Service\u00a0<\/a><br \/>Norway:\u00a0<a class=\"external\" title=\"Statens kartverk (Opnast \u00ed n\u00fdjum vafraglugga) (Opens in new window)\" href=\"https:\/\/www.kartverket.no\/en\/about-kartverket\" target=\"_blank\" rel=\"noopener\">Statens kartverk<\/a><br \/>Sweden:\u00a0<a class=\"external\" title=\"Sj\u00f6fartsverket (Opnast \u00ed n\u00fdjum vafraglugga) (Opens in new window)\" href=\"http:\/\/www.sjofartsverket.se\/\" target=\"_blank\" rel=\"noopener\">Sj\u00f6fartsverket<\/a><br \/>Germany:\u00a0<a class=\"external\" title=\"Das Bundesamt f\u00fcr Seeschiffahrt und Hydrographie (Opnast \u00ed n\u00fdjum vafraglugga) (Opens in new window)\" href=\"http:\/\/www.bsh.de\/\" target=\"_blank\" rel=\"noopener\">Das Bundesamt f\u00fcr Seeschiffahrt und Hydrographie<\/a><\/p><p><strong>Icelandic sites<\/strong><br \/><a class=\"external\" title=\"Marine &amp; Freshwater Research Institute (Opens in new window)\" href=\"https:\/\/www.hafogvatn.is\/\" target=\"_blank\" rel=\"noopener\">Marine &amp; Freshwater Research Institute<\/a><br \/><a class=\"external\" title=\"Landm\u00e6lingar \u00cdslands (Opnast \u00ed n\u00fdjum vafraglugga) (Opens in new window)\" href=\"http:\/\/www.lmi.is\/\" target=\"_blank\" rel=\"noopener\">National Land survey of Iceland<\/a><br \/><a class=\"external\" title=\"Vegager\u00f0in (Opnast \u00ed n\u00fdjum vafraglugga) (Opens in new window)\" href=\"http:\/\/www.vegagerdin.is\/\" target=\"_blank\" rel=\"noopener\">The Icelandic Road and Coastal Administration (IRCA)<\/a><br \/><a class=\"secure external\" title=\"Icelandic Transport Authority (Opens in new window)\" href=\"https:\/\/www.icetra.is\/\" target=\"_blank\" rel=\"noopener\">Icelandic Transport Authority<\/a>\u00a0<\/p><p><strong>Other sites<\/strong><\/p><p><a href=\"http:\/\/www.caris.com\/\" target=\"_blank\" rel=\"noopener\">CARIS<\/a><\/p><p><a href=\"http:\/\/www.hypack.com\/\" target=\"_blank\" rel=\"noopener\">HYPACK, Inc<\/a><\/p><p><a class=\"external\" title=\"IC-ENC, International Centre for ENCs (Opnast \u00ed n\u00fdjum vafraglugga) (Opens in new window) (Opens in new window)\" href=\"http:\/\/www.ic-enc.org\/\" target=\"_blank\" rel=\"noopener\">IC-ENC, International Centre for ENCs<\/a><\/p><p><a class=\"external\" title=\"Primar Stavanger (Opnast \u00ed n\u00fdjum vafraglugga) (Opens in new window) (Opens in new window)\" href=\"https:\/\/www.primar.org\/#\/\" target=\"_blank\" rel=\"noopener\">Primar Stavanger<\/a><\/p><p><a class=\"external\" title=\"Naval Oceanographic Office (Opnast \u00ed n\u00fdjum vafraglugga) (Opens in new window) (Opens in new window)\" href=\"http:\/\/www.usno.navy.mil\/NAVO\" target=\"_blank\" rel=\"noopener\">Naval Oceanographic Office<\/a><\/p><p><a class=\"external\" title=\"International Maritime Organization (Opnast \u00ed n\u00fdjum vafraglugga) (Opens in new window) (Opens in new window)\" href=\"http:\/\/www.imo.org\/\" target=\"_blank\" rel=\"noopener\">International Maritime Organization<\/a><\/p>\n<\/div>\n    <\/div>\n<\/div>\n\n\n\n<\/div>\r\n\r\n<\/div><\/div>\n<\/section>","protected":false},"excerpt":{"rendered":"<p>Icelandic Coast Guard Hydrographic surveying and nautical charting The ICG Hydrographic Department is responsible for both hydrographic surveying and nautical charting. Updated nautical charts are essential for safe navigation; it is mandatory for all ships to carry such charts.The ICG\/Hydrographic Department issues a monthly publication of Notices to Mariners with information on amendments that need [&hellip;]<\/p>\n","protected":false},"author":2,"featured_media":1933,"parent":0,"menu_order":0,"comment_status":"closed","ping_status":"closed","template":"","meta":{"_acf_changed":false,"_breakdance_hide_in_design_set":false,"_breakdance_tags":"","footnotes":""},"class_list":["post-1932","page","type-page","status-publish","has-post-thumbnail","hentry"],"acf":[],"_links":{"self":[{"href":"https:\/\/www.lhg.is\/en\/wp-json\/wp\/v2\/pages\/1932","targetHints":{"allow":["GET"]}}],"collection":[{"href":"https:\/\/www.lhg.is\/en\/wp-json\/wp\/v2\/pages"}],"about":[{"href":"https:\/\/www.lhg.is\/en\/wp-json\/wp\/v2\/types\/page"}],"author":[{"embeddable":true,"href":"https:\/\/www.lhg.is\/en\/wp-json\/wp\/v2\/users\/2"}],"replies":[{"embeddable":true,"href":"https:\/\/www.lhg.is\/en\/wp-json\/wp\/v2\/comments?post=1932"}],"version-history":[{"count":0,"href":"https:\/\/www.lhg.is\/en\/wp-json\/wp\/v2\/pages\/1932\/revisions"}],"wp:featuredmedia":[{"embeddable":true,"href":"https:\/\/www.lhg.is\/en\/wp-json\/wp\/v2\/media\/1933"}],"wp:attachment":[{"href":"https:\/\/www.lhg.is\/en\/wp-json\/wp\/v2\/media?parent=1932"}],"curies":[{"name":"wp","href":"https:\/\/api.w.org\/{rel}","templated":true}]}}